{"id":387,"date":"2023-08-10T10:31:04","date_gmt":"2023-08-10T10:31:04","guid":{"rendered":"https:\/\/7oroofthemes.com\/trashco\/?page_id=387"},"modified":"2026-03-24T17:46:04","modified_gmt":"2026-03-24T17:46:04","slug":"generelle-avtalevilkar","status":"publish","type":"page","link":"https:\/\/ahent.no\/?page_id=387","title":{"rendered":"Generelle avtalevilk\u00e5r"},"content":{"rendered":"\t\t<div data-elementor-type=\"wp-page\" data-elementor-id=\"387\" class=\"elementor elementor-387\" data-elementor-post-type=\"page\">\n\t\t\t\t\t\t<section class=\"elementor-section elementor-top-section elementor-element elementor-element-1e8bd642 pt-50 pb-90 pt-tablet-20 pb-tablet-40 elementor-section-boxed elementor-section-height-default elementor-section-height-default cms-section-banner-no\" data-id=\"1e8bd642\" data-element_type=\"section\" data-e-type=\"section\">\r\n\t\t\t<div class=\"cms-section-banner cms-section-banner-no cms-gradient- cms-section-banner-style- relative\"><div class=\"cms-gradient-render\"><\/div><\/div>\t\t\t<div class=\"elementor-container elementor-column-gap-default \" >\r\n\t\t\t        <div class=\"elementor-column elementor-col-16 elementor-top-column elementor-element elementor-element-1890b707 elementor-hidden-mobile_extra elementor-hidden-mobile\" data-id=\"1890b707\" data-element_type=\"column\" data-e-type=\"column\">\r\n            <div class=\"elementor-widget-wrap\">\r\n                            <\/div>\r\n        <\/div>\r\n                <div class=\"elementor-column elementor-col-66 elementor-top-column elementor-element elementor-element-62a34b57\" data-id=\"62a34b57\" data-element_type=\"column\" data-e-type=\"column\">\r\n            <div class=\"elementor-widget-wrap elementor-element-populated\">\r\n                \t\t<div class=\"elementor-element elementor-element-1b4b0082 elementor-invisible elementor-widget elementor-widget-cms_heading\" data-id=\"1b4b0082\" data-element_type=\"widget\" data-e-type=\"widget\" data-settings=\"{&quot;_animation&quot;:&quot;fadeInUp&quot;}\" data-widget_type=\"cms_heading.default\">\n\t\t\t\t<div class=\"elementor-widget-container\">\n\t\t\t\t\t<div class=\"cms-eheading cms-eheading-3 text-start\">\n\t<h2 class=\"cms-heading text-24 font-700 text- empty-none\"><h1 style=\"margin-bottom: 1.5rem; box-sizing: inherit; font-size: clamp(2rem, 2rem + 0vw, 2rem); font-weight: 100; font-style: normal; color: rgb(24, 40, 34); line-height: 1.375; white-space-collapse: collapse;\">Generelle avtalevilk\u00e5r<\/h1><\/h2>\n\t<div class=\"cms-desc pt-15 empty-none text-\"><div style=\"box-sizing: inherit; margin-right: 10px; margin-left: 10px; padding-bottom: 20px; text-align: justify; line-height: 22px; color: rgb(0, 0, 0); font-family: &quot;Open Sans&quot;, &quot;Helvetica Neue&quot;, Helvetica, Arial, sans-serif; font-size: medium; white-space-collapse: collapse;\"><p style=\"box-sizing: inherit; margin-bottom: 1.5rem; text-align: left;\">For all handel med AHENT AS gjelder generelle avtalevilk\u00e5r.&nbsp;<\/p><p style=\"box-sizing: inherit; margin-bottom: 1.5rem; text-align: left;\">Vi gj\u00f8r oppmerksom p\u00e5 at du m\u00e5 huske \u00e5 taste inn eventuell rabattkode i handlekurven, vi har ikke anledning til \u00e5 tilbakebetale rabatt etter at du har fullf\u00f8rt kj\u00f8pet.<\/p><h2 style=\"box-sizing: inherit; margin-bottom: 1.5rem; font-size: clamp(1.5rem, 1.5rem + 0vw, 1.5rem); font-weight: 100; text-align: left;\"><span style=\"box-sizing: inherit; font-size: 11pt;\"><span style=\"box-sizing: inherit; font-weight: 600;\">Hva kan ikke sorteres som blandet avfall?<\/span><\/span><\/h2><ul style=\"box-sizing: inherit; margin-top: 12px; margin-bottom: 12px; padding-left: 36px; list-style-position: initial; list-style-image: initial; text-align: left;\"><li style=\"box-sizing: inherit; text-align: justify;\">Alle typer batterier<\/li><li style=\"box-sizing: inherit;\">Annet farlig avfall (maling, impregnert trevirke o.l.)<\/li><li style=\"box-sizing: inherit; text-align: justify;\">Avfall i fargetette avfallssekker<\/li><li style=\"box-sizing: inherit; text-align: justify;\">Gulvbelegg som inneholder Ftalater<\/li><li style=\"box-sizing: inherit; text-align: justify;\">Elektrisk og elektronisk avfall (alt som g\u00e5r p\u00e5 str\u00f8m eller batteri)<\/li><li style=\"box-sizing: inherit; text-align: justify;\">Matavfall<\/li><li style=\"box-sizing: inherit; text-align: justify;\">Flytende avfall<\/li><li style=\"box-sizing: inherit; text-align: justify;\">Masser (fliser, jord, stein, tegl, takstein, fyllmasse, eller betong)<\/li><li style=\"box-sizing: inherit; text-align: justify;\">Vinduer produsert mellom 1965 og 2005<\/li><li style=\"box-sizing: inherit; text-align: justify;\">Gips<\/li><li style=\"box-sizing: inherit; text-align: justify;\">Isolasjon<\/li><\/ul><\/div><p style=\"margin-bottom: 0px; color: rgb(0, 0, 0); font-family: Satoshi, sans-serif; font-size: 18px; white-space-collapse: collapse;\"><span style=\"font-family: &quot;Open Sans&quot;, &quot;Helvetica Neue&quot;, Helvetica, Arial, sans-serif; font-size: medium; letter-spacing: 0px;\">Ved overtredelser\/feilsortering vil det bli belastet et sorteringstillegg i henhold til gjeldende satser. Eksempel: Ved feilsortering av batterier vil du motta et sorteringstillegg p\u00e5 10000,- eks. mva.<\/span><span style=\"white-space-collapse: preserve; color: rgb(98, 112, 107); font-family: Roboto, sans-serif; font-size: 17px; letter-spacing: 0px;\"><\/span><\/p><\/div>\n<\/div>\t\t\t\t<\/div>\n\t\t\t\t<\/div>\n\t\t\t\t<div class=\"elementor-element elementor-element-5381fa8a pt-20 pt-tablet-0 elementor-invisible elementor-widget elementor-widget-cms_heading\" data-id=\"5381fa8a\" data-element_type=\"widget\" data-e-type=\"widget\" data-settings=\"{&quot;_animation&quot;:&quot;fadeInUp&quot;}\" data-widget_type=\"cms_heading.default\">\n\t\t\t\t<div class=\"elementor-widget-container\">\n\t\t\t\t\t<div class=\"cms-eheading cms-eheading-3 text-start\">\n\t<h2 class=\"cms-heading text-24 font-700 text- empty-none\"><\/h2>\n\t<div class=\"cms-desc pt-15 empty-none text-\"><b>1. Endringer i kundeforhold<br><\/b><br \/>\nKunden plikter \u00e5 melde om endringer i avtaleforhold som for eksempel kontaktperson, endring i telefonnummer, e-post og adresser minst 14 dager f\u00f8r endringene trer i kraft. Dersom endringene ikke er meldt innen tidsfristen, har AHENT AS (\"AHENT\") rett til \u00e5 fakturere kr 1590,- i endringsgebyr.<br \/>\n<b><br \/>\n2. Eiendomsrett til avfallet<\/b><br \/>\nEiendomsretten til avfallet g\u00e5r over til AHENT n\u00e5r AHENT er i besittelse av avfallet.<br \/>\n<br \/>\nHvis kunden har deklarert avfallet uriktig, g\u00e5r eiendomsretten til avfallet ikke over til AHENT med mindre AHENT krever det. N\u00e5r eiendomsretten til avfallet ikke g\u00e5r over til AHENT beholder kunden alt ansvar, herunder produsentansvaret for at avfallet h\u00e5ndteres i henhold til gjeldende lover og regler. Bestemmelsene i de to foreg\u00e5ende setningene gjelder uavhengig av hvem som er i besittelse av avfallet.<br \/>\n<b><br \/>\n3. Opplysningsplikt<\/b><br \/>\nKunden er ansvarlig for \u00e5 gi korrekt informasjon om avfallet som befinner seg i beholdere eller containere, for eksempel om innhold og mengde.<br \/>\n<br \/>\nKunden er ogs\u00e5 ansvarlig for \u00e5 deklarere farlig avfall og basiskarakterisere avfall til deponi i henhold til gjeldende regler (avfallsforskriften kapittel 11 om farlig avfall), s\u00e5fremt det ikke er spesifikt avtalt at AHENT skal gj\u00f8re dette. AHENT kan fakturere kunden for dette arbeidet i henhold til selskapets til enhver tid gjeldende satser.<br \/>\n<br \/>\nVed feil informasjon om avfall mottatt av AHENT forbeholder AHENT seg retten til \u00e5 fakturere alle kostnader relatert til at avfallet har en annen sammensetning, mengde eller annet enn angitt.<br \/>\n<b><br \/>\n4. Avfall som krever egen avtale f\u00f8r mottak<\/b><br \/>\nF\u00f8lgende avfall er underlagt spesielle restriksjoner og kan ikke leveres uten egen avtale om dette:<br \/>\n<br \/>\nEksplosiver<br \/>\nSmittefarlig avfall<br \/>\nRadioaktivt avfall<br \/>\nLevering av slikt avfall uten s\u00e6rskilt avtale vil medf\u00f8re avviksgebyr. AHENT overtar ikke eiendomsretten til eller ansvaret for slikt avfall med mindre det er inng\u00e5tt s\u00e6rskilt avtale om leveranse av slikt avfall, samt korrekt mengde er levert i henhold til avtalen.<br \/>\n<b><br \/>\n5. Krav til sortering av avfall<\/b><br \/>\nAlt avfall skal sorteres i henhold til gjeldene regelverk og AHENT sin guide for kildesortering, som du blant annet finner p\u00e5 ahent.no under V\u00e5re tjenester\/Kildesortering. Brudd p\u00e5 kravene til sortering medf\u00f8rer avviksgebyr i henhold til selskapets til enhver tid gjeldende satser.<br \/>\n<br \/>\nFor \u00e5 opprettholde sikkerhet, effektivitet og kvalitet i h\u00e5ndtering av kundens avfall, vil AHENT fakturere gebyr for overvekt for den enkelte avfallsbeholder hvor vekten overstiger beholderens maksimalvekt med 25% og mer, i henhold til enhver tid gjeldende satser.<br \/>\n<b><br \/>\n6. Personell\/bemanning<\/b><br \/>\nBegge parter skal p\u00e5se at arbeid i henhold til avtalen blir utf\u00f8rt av kvalifisert personell og at arbeidet utf\u00f8res etter gjeldende regelverk og forskrifter.<br \/>\n<b><br \/>\n7. Bruk av underleverand\u00f8r<\/b><br \/>\nAHENT har rett til \u00e5 benytte underleverand\u00f8rer ved utf\u00f8relse av arbeid i henhold til avtalen. Disse skal f\u00f8lge samme prosedyrer og retningslinjer som fremg\u00e5r av avtalen. Kunden skal ved henvendelser forholde seg direkte til AHENT og ikke til underleverand\u00f8ren.<br \/>\n<b><br \/>\n8. Direkteleveranser til AHENT anlegg<\/b><br \/>\nKunden kan kun levere avfall direkte til AHENT sine anlegg n\u00e5r det er inng\u00e5tt egen avtale om dette.<br \/>\n<b><br \/>\n9. Kundens \u00f8vrige forpliktelser<\/b><br \/>\nVentetid som ikke kan tilskrives feil hos AHENT faktureres kunden. S\u00e6rskilte tillatelser for utplassering av containere og beholdere er kundens ansvar, men AHENT kan bidra i fremskaffelse av slike etter n\u00e6rmere avtale med kunden. Kunde er ogs\u00e5 ansvarlig for at grunnen og omgivelsene (belegningsstein, asfalt og liknende) t\u00e5ler p\u00e5kjenning fra vekten av en fylt container.<br \/>\n<br \/>\nAHENT erstatter ikke skader som skyldes at kundens underlag eller likende ikke t\u00e5ler belastningen fra AHENT sitt utstyr.<br \/>\n<br \/>\nEventuelle krav om flytting, omplassering, innhenting og liknende som fremsettes av lokale myndigheter er kundens ansvar, men oppf\u00f8lging skal gjennomf\u00f8res av AHENT og faktureres kunde.<br \/>\n<br \/>\nKunden plikter \u00e5 fylle opp utstyret slik at innsamling og transport kan foretas p\u00e5 en trygg og sikker m\u00e5te innenfor krav til h\u00f8yder og last\/vekt. Ved behov for \u00e5 flytte eller fjerne avfall forbeholder AHENT seg retten til \u00e5 fakturere etter medg\u00e5tt tid. Kunden skal s\u00f8rge for god plass og fri adkomst til alt utstyr. Ekstraarbeid med \u00e5 skaffe fri adkomst kan faktureres kunden.<br \/>\n<b><br \/>\n10. Leie og kj\u00f8p av utstyr<\/b><br \/>\nVed leie av utstyr tilh\u00f8rer leieobjektet AHENT. Kunde kan ikke fremleie leieobjektet.<br \/>\n<br \/>\nKunden skal umiddelbart etter \u00e5 ha mottatt leie- eller kj\u00f8psobjektet unders\u00f8ke dette. AHENT tar ikke ansvar for feil som burde v\u00e6rt oppdaget ved en slik unders\u00f8kelse, og som ikke blir innrapportert til selskapet innen \u00e9n uke fra mottak objektet.<br \/>\n<br \/>\nFeil som ikke kunne oppdages ved unders\u00f8kelsen, skal reklameres omg\u00e5ende n\u00e5r feilen oppdages og senest 3 m\u00e5neder etter utstyret er mottatt.<br \/>\n<br \/>\nNB: Det kan oppst\u00e5 normal slitasje p\u00e5 asfalt\/grunn ved levering og henting av container. Slik skade gir ikke kunde rett til erstatning.<br \/>\n<br \/>\nVed feil eller mangler p\u00e5 utstyret som ikke beror p\u00e5 kundens bruk eller behandling av utstyret, er AHENT forplikte til, etter eget valg, enten \u00e5 reparere feilen\/mangelen, erstatte utstyret med nytt utstyr, eller innr\u00f8mme kunden et avslag p\u00e5 leie- eller kj\u00f8pspris.<br \/>\n<br \/>\nOm en feil eller mangel er vesentlig og AHENT ikke innen rimelig tid etter \u00e5 ha mottatt skriftlig varsel om feil eller mangel p\u00e5 produktet, har iverksatt korrigerende tiltak, kan kunden kreve \u00e5 f\u00e5 hevet kj\u00f8pet eller leieforholdet. Dette gjelder likevel ikke feil som skyldes materialtretthet eller svakheter i godset.<br \/>\n<br \/>\nKunden har risikoen for leid eller kj\u00f8pt utstyr fra tidspunkt for levering, herunder enhver skade p\u00e5 objektet, ogs\u00e5 ved hendelige uhell. Kunden er ansvarlig for tap, skade og generell forringelse av utstyr som ikke kan tilskrives normal slitasje i leieperioden.<br \/>\n<br \/>\nKunden er ogs\u00e5 ansvarlig for \u00e5 vedlikeholde utstyret i den utstrekning det er n\u00f8dvendig for \u00e5 forhindre verdiforringelse som ikke kan tilskrives normal slitasje under leieperioden. AHENT tilbyr vedlikeholdskontrakter. Ved utleie av utstyr har AHENT i leieperioden rett til \u00e5 kreve \u00e5 f\u00e5 unders\u00f8ke utleid utstyr.<br \/>\n<br \/>\nAHENT har rett til \u00e5 utf\u00f8re vedlikehold for leietakers regning, n\u00e5r vedlikehold av AHENTS` eiendom\/utstyr fors\u00f8mmes av leietaker.<br \/>\n<br \/>\nUtstyr som ikke st\u00e5r p\u00e5 hjul, og naturlig krever kj\u00f8ret\u00f8y for flytting, skal ikke flyttes av kunden.<br \/>\n<br \/>\nVed skader p\u00e5 utstyret skal dette straks rapporteres til AHENT.<br \/>\n<br \/>\nKunden er ansvarlig for de skader som utleieobjektet forvolder omgivelsene etter at dette er satt ut av AHENT. Kunden er ansvarlig for at utstyret er plassert slik at utenforst\u00e5ende ikke kan p\u00e5f\u00f8re utstyret skade eller h\u00e6rverk, eller at v\u00e6r og vind ikke utsetter utstyret for bevegelse.<br \/>\n<br \/>\nKunden er ogs\u00e5 ansvarlig for skader som inntreffer som f\u00f8lge av feilaktig bruk av utstyret. Dette gjelder b\u00e5de utstyret selv og eventuelle skader p\u00e5 annet utstyr, mennesker, dyr, eller ytre milj\u00f8.<br \/>\n<br \/>\nLeie beregnes fra og med dagen utstyret gj\u00f8res tilgjengelig for kunden, til og med dagen utstyret hentes av AHENT. Eventuelt ekstramateriell og utstyr faktureres s\u00e6rskilt.<br \/>\n<br \/>\nKunden overtar ikke eiendomsrett til leid utstyr med mindre dette er s\u00e6rskilt avtalt. AHENT har ikke ansvar eller risiko for forsinket levering eller henting av utstyr n\u00e5r dette skyldes forhold AHENT ikke har kontroll over.<br \/>\n<br \/>\nOppsamlingsmateriell skal hvis mulig leveres i den st\u00f8rrelse som er avtalt\/bestilt.<br \/>\n<b><br \/>\n11. Avfall i storsekk \u2013 s\u00e6rskilte bestemmelser<\/b><br \/>\nStorsekken kan plasseres maksimalt 5 meter fra parkering for lastebil. Lastebil som henter sekkene er 3 meter bred og 10 meter lang med behov for 4,5 meter fri h\u00f8yde. Det er kundens ansvar \u00e5 sikre at Storsekken og liknende sekker er riktig plassert i forhold til dette og eventuelle lokale bestemmelser vedr\u00f8rende brann- og trafikksikkerhet.<br \/>\n<br \/>\nF\u00f8lgene avfallstyper kan ikke kastes i Storsekken: Farlig avfall, dekk og matavfall. Se ogs\u00e5 punkt 4. Hvis bagene inneholder slikt avfall, eller er overfylt, fakturerer AHENT avviksgebyr. Sekker som ikke er merket med en spesiell fraksjon\/avfallstype vil bli klassifisert som blandet avfall.<br \/>\n<b><br \/>\n12. Priser og prisjusteringer<br \/>\n<\/b>Hvis pris ikke er forh\u00e5ndsavtalt, gjelder til enhver tid standard prisliste fra AHENT. Alle priser er oppgitt uten merverdiavgift (mva).<br \/>\n<br \/>\nAHENT sine priser reguleres \u00e5rlig, normalt per 1. januar.<br \/>\n<br \/>\nPrisendringer som kommer i tillegg til \u00e5rlig prisregulering, varsles av AHENT en m\u00e5ned i forkant p\u00e5 faktura, om ikke annet er s\u00e6rskilt avtalt.<br \/>\n<br \/>\nHvis AHENT sine utgifter til behandlingsavgifter, utbetalinger til kunder som har levert avfallsfraksjoner AHENT betaler for (kredittfraksjoner) eller andre utgifter som p\u00e5f\u00f8res AHENT forandres, har AHENT rett til \u00e5 endre egne priser umiddelbart, gjeldende fra den f\u00f8rste dag i p\u00e5f\u00f8lgende m\u00e5ned.<br \/>\n<br \/>\nFakturering av leie skjer etterskuddsvis f\u00f8r leieperioden starter, om ikke annet er s\u00e6rskilt avtalt.<br \/>\n<br \/>\nPriser og avtalte leveranse- og hentetidspunkter, er basert p\u00e5 at AHENT overholder de til enhver tid gjeldende regler lover og forskrifter samt tariffavtaler som er relevante for det personell og utstyr AHENT benytter.<br \/>\n<br \/>\nKunden kan ikke kreve at AHENT bryter relevante regler for \u00e5 tilfredsstille kundens behov.<br \/>\n<br \/>\nUtgifter til bompenger og gateleie der dette er aktuelt vil m\u00e5tte dekkes av kunde. Dersom satsene blir endret for bompenger, ekstraordin\u00e6re parkeringsutgifter i bykjerner, gateleie og liknende i en avtaleperiode, har AHENT rett til \u00e5 tilleggsfakturere for slik utgifts\u00f8kning. Gebyr kommer i tillegg for det administrative arbeidet.<br \/>\n<br \/>\nFor deklarering av farlig avfall faktureres s\u00e6rskilt gebyr som fastsatt i avfallsforskriftens \u00a712-2. Gebyret faktureres p\u00e5 s\u00e6rskilt varelinje i fakturaen.<br \/>\n<br \/>\nHvis det i avtaleperioden gj\u00f8res endringer i lover, forskrifter eller andre typer reguleringer og retningslinjer fastsatt av offentlige myndigheter som p\u00e5virker AHENT sin forretningsdrift, har Ragn-Sells rett til \u00e5 justere prisene umiddelbart for \u00e5 kompensere for slike endringer.<br \/>\n<br \/>\n13. Indeksregulering av kredittfraksjoner<br \/>\nFor kreditfraksjoner (utbetalinger til kunder som har levert avfallsfraksjoner som AHENT betaler for) indeksreguleres verdien av fraksjonen i henhold til korresponderende internasjonale vareindeks som for eksempel Celsa og FOEX.<br \/>\n<b><br \/>\n14. Vilk\u00e5r for betaling<\/b><br \/>\nFakturering skjer etterskuddsvis etter hver t\u00f8mming med forfall per 14 dager, om ikke annet er s\u00e6rskilt avtalt. Dersom betaling ikke utf\u00f8res innen frist, har Ragn-Sells rett til \u00e5 kreve rente i henhold til forsinkelsesrenteloven, fra forfallsdag p\u00e5 fakturaen. I tillegg vil AHENT kreve purregebyrer samt alle utgifter til betalingsinnkreving. Inkasso vil bli iverksatt uten ytterligere varsel dersom utest\u00e5ende ikke er betalt innen 14 dager etter purring. Ved manglende betaling vil AHENT sin utf\u00f8relse av oppdrag straks opph\u00f8re.<br \/>\n<b><br \/>\n15. Kredittvurdering<\/b><br \/>\nAHENT kredittvurderer kunder ved avtaleinng\u00e5else og i avtaleperioden. Kundens kredittramme justeres l\u00f8pende basert p\u00e5 kredittvurderinger.<br \/>\n<b><br \/>\n16. Salgspant - Eiendomsrett<br \/>\n<\/b>AHENT har med mindre noe annet er avtalt, salgspant i det leverte utstyret som sikkerhet for kj\u00f8pesummen, inkludert renter og omkostninger, inntil disse er betalt i sin helhet, jfr. pantelovens \u00a73-14 flg.<br \/>\n<b><br \/>\n17. Reklamasjon, mislighold og erstatning<\/b><br \/>\nVed mislighold fra AHENT sin side, plikter kunden straks \u00e5 reklamere skriftlig via kundeportalen eller til e-post manuel@ahent.no<br \/>\n<br \/>\nAHENT har rett til \u00e5 rette eller omlevere. Dersom AHENT ikke innen rimelig tid lykkes \u00e5 utf\u00f8re sine forpliktelser, har kunden rett til \u00e5 heve avtalen. Ved betalingsmislighold fra kundens side kan AHENT etter fritt valg stoppe enhver l\u00f8pende ytelse til kj\u00f8per i henhold til denne og andre avtaler mellom partene.<br \/>\n<br \/>\nAHENT er ikke ansvarlig for tapt fortjeneste, indirekte tap, konsekvenstap og andre f\u00f8lgetap p\u00e5 kundens h\u00e5nd. AHENT har ikke ansvar eller risiko for forsinket levering n\u00e5r dette skyldes forhold utenfor selskapets kontroll.<br \/>\n<b><br \/>\n18. Overdragelse<br \/>\n<\/b>Kunden kan ikke overf\u00f8re rettigheter eller forpliktelser etter denne avtalen til andre uten AHENT sitt forutg\u00e5ende samtykke. Selv om samtykke gis, vil det p\u00e5l\u00f8pe et administrasjonsgebyr.<br \/>\n<b><br \/>\n19. Avtaleperiode og oppsigelse av avtale<\/b><br \/>\nOm ikke annet er s\u00e6rskilt avtalt, tr\u00e5r avtalen i kraft ved undertegning eller ved muntlig aksept av tilbud. Avtalen l\u00f8per inntil videre med en gjensidig oppsigelsesfrist p\u00e5 6 m\u00e5neder. Partene har rett til \u00e5 si opp avtalen med umiddelbart opph\u00f8r hvis:<br \/>\n<br \/>\nDen andre part unnlater \u00e5 betale<br \/>\nDen andre part innleder akkordforhandlinger eller begj\u00e6res konkurs<br \/>\nDen andre part erkjenner betalingsudyktig eller insolvens<br \/>\nLeid utstyr vanskj\u00f8ttes<br \/>\nDen andre part gj\u00f8r seg skyldig i avtalebrudd og ikke innen 14 dager etter at det er skriftlig anmodet om retting, har gjort n\u00f8dvendige endringer<br \/>\nVed heving av avtalen har AHENT rett til \u00e5 kreve erstatning for kostnader som er p\u00e5l\u00f8pt i forbindelse med brudd p\u00e5 avtalen, relatert til for eksempel innhenting av materiell, reparasjoner og lignende.<br \/>\n<b><br \/>\n20. Hindringer<br \/>\n<\/b>Dersom avtalens gjennomf\u00f8ring helt eller delvis hindres eller vanskeliggj\u00f8res av forhold som ligger utenfor partenes kontroll, suspenderes partenes plikter, for s\u00e5 lang tid som forholdet varer. Slike forhold inkluderer, men er ikke begrenset til streik, lockout og ethvert forhold som etter norsk rett vil bli bed\u00f8mt som \u00e5 ligge utenfor partenes kontroll. Hver av partene kan si opp avtalen med en m\u00e5neds varsel dersom situasjonen utenfor partenes kontroll gj\u00f8r det s\u00e6rlig byrdefullt for vedkommende \u00e5 opprettholde avtalen.<br \/>\n<b><br \/>\n21. Krav til varsler og samtykker<\/b><br \/>\nPrisendringer utover \u00e5rlig prisjustering reguleres i punkt 12.<br \/>\n<br \/>\nEndringer som ikke inneb\u00e6rer vesentlig ulempe for kunden, kan varsles gjennom informasjon p\u00e5 AHENT sine nettsider. Hvis kundens samtykke er p\u00e5krevd for \u00e5 gjennomf\u00f8re endringer skal samtykke anses gitt ved kundens innbetaling av faktura etter varslingsperiodens utl\u00f8p. Dersom kunden ikke samtykker, har AHENT rett til \u00e5 si opp avtalen med en m\u00e5neds varsel.<br \/>\n<b><br \/>\n22. Endringer av salgs- og leveringsbetingelser<\/b><br \/>\nAHENT kan fritt beslutte endringer i salgs- og leveringsbetingelsene. Endringer trer i kraft fra det tidspunkt AHENT bestemmer. Vesentlige endringer til skade for kunden forutsetter likevel kundens samtykke. Endringer som skyldes forhold utenfor AHENT sin kontroll, samt endringer som ikke inneb\u00e6rer ulempe for kunden, kan gjennomf\u00f8res umiddelbart.<br \/>\n<b><br \/>\n23. Behandling av personopplysninger<\/b><br \/>\nPersonopplysninger som gis til AHENT behandles i henhold til gjeldende lovgivning for personvern og AHENT sine egne retningslinjer. Opplysningene vil i hovedsak benyttes for \u00e5 planlegge, gjennomf\u00f8re og f\u00f8lge opp leveranse av tjenester, og kan i forbindelse med dette ogs\u00e5 bli benyttet av AHENT sine underleverand\u00f8rer.<br \/>\n<br \/>\nInformasjon og markedsf\u00f8ringsmateriell kan ved hjelp av opplysningene i AHENT sitt kunderegister sendes til kunden. Kunden kan selv velge om vedkommende \u00f8nsker \u00e5 motta informasjon fra AHENT, og kan n\u00e5r som helst gi beskjed skriftlig til AHENT sitt kundeservice om at kunden motsetter seg at AHENT bruker personopplysninger til markedsf\u00f8ringsform\u00e5l.<br \/>\n<br \/>\nPersonopplysninger lagres i den tidsperiode det er aktuelt. Det vil si s\u00e5 lenge kunden har et kundeforhold med AHENT, og i en tidsperiode etter avsluttet kundeforhold slik at kunden kan utnytte fordelene ved \u00e5 v\u00e6re kunde av AHENT.<br \/>\n<br \/>\nYtterligere informasjon om hvordan AHENT behandler personopplysninger finnes ahent.no<br \/>\n<b><br \/>\n24. Anti-korrupsjon<\/b><br \/>\nKunden eller leverand\u00f8ren skal ikke gi eller tilby noen form for betaling, tjenester, gaver, bevertning eller andre goder\/fordeler til AHENT sine ansatte, representanter, partnere eller n\u00e6rt tilknyttede personer i den hensikt \u00e5 direkte eller indirekte p\u00e5virke m\u00e5ten vedkommende utf\u00f8rer sitt arbeide p\u00e5.<br \/>\n<br \/>\nP\u00e5 tilsvarende m\u00e5te skal ingen ansatte i AHENT gi eller tilby betaling, tjenester, gaver, bevertning eller andre goder til kunden eller dennes samarbeidspartnere i den hensikt \u00e5 p\u00e5virke m\u00e5ten kunden eller kundens samarbeidspartnere utf\u00f8rer sine plikter p\u00e5.<br \/>\n<br \/>\nDet er tilstrekkelig at en foresp\u00f8rsel eller et tilbud om en slik handling blir fremsatt for at handlingen skal v\u00e6re ulovlig. Det er ikke en forutsetning at den utilb\u00f8rlige fordelen tilfaller personen som det blir fors\u00f8kt p\u00e5virket. Et hvert fors\u00f8k p\u00e5 handlinger som beskrevet vil bli anmeldt.<br \/>\n<br \/>\nGaver og andre tjenester\/ytelser til AHENT sine ansatte, representanter, partnere eller n\u00e6rt tilknyttede personer skal unng\u00e5s.<br \/>\n<br \/>\nAHENT skal alltid betale reise og opphold for sine ansatte.<br \/>\n<br \/>\n<b>25. Verneting<br \/>\n<\/b>Med mindre annet er avtalt, er Oslo tingrett verneting for alle tvister som utspringer av kontrakter med AHENT.<br \/>\n<br \/>\n<\/div>\n<\/div>\t\t\t\t<\/div>\n\t\t\t\t<\/div>\n\t\t            <\/div>\r\n        <\/div>\r\n                <div class=\"elementor-column elementor-col-16 elementor-top-column elementor-element elementor-element-64ec8e9 elementor-hidden-mobile_extra elementor-hidden-mobile\" data-id=\"64ec8e9\" data-element_type=\"column\" data-e-type=\"column\">\r\n            <div class=\"elementor-widget-wrap\">\r\n                            <\/div>\r\n        <\/div>\r\n        \t\t\t<\/div>\r\n\t\t<\/section>\r\n\t\t\t\t<\/div>\n\t\t","protected":false},"excerpt":{"rendered":"<p>Generelle avtalevilk\u00e5r For all handel med AHENT AS gjelder generelle avtalevilk\u00e5r.&nbsp; Vi gj\u00f8r oppmerksom p\u00e5 at du m\u00e5 huske \u00e5 taste inn eventuell rabattkode i handlekurven, vi har ikke anledning til \u00e5 tilbakebetale rabatt etter at du har fullf\u00f8rt kj\u00f8pet. Hva kan ikke sorteres som blandet avfall? Alle typer batterier Annet farlig avfall (maling, impregnert [&hellip;]<\/p>\n","protected":false},"author":1,"featured_media":0,"parent":0,"menu_order":28,"comment_status":"closed","ping_status":"closed","template":"","meta":{"_monsterinsights_skip_tracking":false,"_monsterinsights_sitenote_active":false,"_monsterinsights_sitenote_note":"","_monsterinsights_sitenote_category":0,"footnotes":""},"class_list":["post-387","page","type-page","status-publish","hentry"],"_links":{"self":[{"href":"https:\/\/ahent.no\/index.php?rest_route=\/wp\/v2\/pages\/387","targetHints":{"allow":["GET"]}}],"collection":[{"href":"https:\/\/ahent.no\/index.php?rest_route=\/wp\/v2\/pages"}],"about":[{"href":"https:\/\/ahent.no\/index.php?rest_route=\/wp\/v2\/types\/page"}],"author":[{"embeddable":true,"href":"https:\/\/ahent.no\/index.php?rest_route=\/wp\/v2\/users\/1"}],"replies":[{"embeddable":true,"href":"https:\/\/ahent.no\/index.php?rest_route=%2Fwp%2Fv2%2Fcomments&post=387"}],"version-history":[{"count":31,"href":"https:\/\/ahent.no\/index.php?rest_route=\/wp\/v2\/pages\/387\/revisions"}],"predecessor-version":[{"id":1720,"href":"https:\/\/ahent.no\/index.php?rest_route=\/wp\/v2\/pages\/387\/revisions\/1720"}],"wp:attachment":[{"href":"https:\/\/ahent.no\/index.php?rest_route=%2Fwp%2Fv2%2Fmedia&parent=387"}],"curies":[{"name":"wp","href":"https:\/\/api.w.org\/{rel}","templated":true}]}}